{"id":14641,"date":"2025-09-15T14:08:32","date_gmt":"2025-09-15T14:08:32","guid":{"rendered":"https:\/\/fantasporto.com\/fantasporto-2026-regulations\/"},"modified":"2026-01-19T20:19:23","modified_gmt":"2026-01-19T20:19:23","slug":"regulations","status":"publish","type":"page","link":"https:\/\/fantasporto.com\/en\/regulations\/","title":{"rendered":"Fantasporto 2026 \u2014 Regulations"},"content":{"rendered":"[vc_row type=&#8221;full_width_background&#8221; full_screen_row_position=&#8221;middle&#8221; column_margin=&#8221;none&#8221; equal_height=&#8221;yes&#8221; content_placement=&#8221;middle&#8221; column_direction=&#8221;default&#8221; column_direction_tablet=&#8221;default&#8221; column_direction_phone=&#8221;default&#8221; scene_position=&#8221;center&#8221; top_padding=&#8221;6%&#8221; bottom_padding=&#8221;6%&#8221; text_color=&#8221;dark&#8221; text_align=&#8221;left&#8221; row_border_radius=&#8221;none&#8221; row_border_radius_applies=&#8221;bg&#8221; overlay_strength=&#8221;0.3&#8243; gradient_direction=&#8221;left_to_right&#8221; shape_divider_position=&#8221;bottom&#8221; bg_image_animation=&#8221;none&#8221; shape_type=&#8221;&#8221;][vc_column column_padding=&#8221;no-extra-padding&#8221; column_padding_tablet=&#8221;inherit&#8221; column_padding_phone=&#8221;inherit&#8221; column_padding_position=&#8221;all&#8221; background_color_opacity=&#8221;1&#8243; background_hover_color_opacity=&#8221;1&#8243; column_shadow=&#8221;none&#8221; column_border_radius=&#8221;none&#8221; column_link_target=&#8221;_self&#8221; gradient_direction=&#8221;left_to_right&#8221; overlay_strength=&#8221;0.3&#8243; width=&#8221;1\/1&#8243; tablet_width_inherit=&#8221;default&#8221; tablet_text_alignment=&#8221;default&#8221; phone_text_alignment=&#8221;default&#8221; column_border_width=&#8221;none&#8221; column_border_style=&#8221;solid&#8221; bg_image_animation=&#8221;none&#8221;][vc_row_inner column_margin=&#8221;default&#8221; column_direction=&#8221;default&#8221; column_direction_tablet=&#8221;default&#8221; column_direction_phone=&#8221;default&#8221; text_align=&#8221;left&#8221;][vc_column_inner column_padding=&#8221;no-extra-padding&#8221; column_padding_tablet=&#8221;inherit&#8221; column_padding_phone=&#8221;inherit&#8221; column_padding_position=&#8221;all&#8221; background_color_opacity=&#8221;1&#8243; background_hover_color_opacity=&#8221;1&#8243; column_shadow=&#8221;none&#8221; column_border_radius=&#8221;none&#8221; column_link_target=&#8221;_self&#8221; gradient_direction=&#8221;left_to_right&#8221; overlay_strength=&#8221;0.3&#8243; width=&#8221;1\/1&#8243; tablet_width_inherit=&#8221;default&#8221; column_border_width=&#8221;none&#8221; column_border_style=&#8221;solid&#8221; bg_image_animation=&#8221;none&#8221;][image_with_animation image_url=&#8221;14532&#8243; animation=&#8221;Grow In&#8221; hover_animation=&#8221;zoom-crop&#8221; alignment=&#8221;&#8221; border_radius=&#8221;none&#8221; box_shadow=&#8221;none&#8221; image_loading=&#8221;default&#8221; max_width=&#8221;110%&#8221; max_width_mobile=&#8221;default&#8221;][\/vc_column_inner][\/vc_row_inner][vc_row_inner column_margin=&#8221;default&#8221; column_direction=&#8221;default&#8221; column_direction_tablet=&#8221;default&#8221; column_direction_phone=&#8221;default&#8221; text_align=&#8221;left&#8221; css=&#8221;.vc_custom_1569518583590{margin-bottom: 10px !important;}&#8221;][vc_column_inner column_padding=&#8221;no-extra-padding&#8221; column_padding_tablet=&#8221;inherit&#8221; column_padding_phone=&#8221;inherit&#8221; column_padding_position=&#8221;all&#8221; background_color_opacity=&#8221;1&#8243; background_hover_color_opacity=&#8221;1&#8243; column_shadow=&#8221;none&#8221; column_border_radius=&#8221;none&#8221; column_link_target=&#8221;_self&#8221; gradient_direction=&#8221;left_to_right&#8221; overlay_strength=&#8221;0.3&#8243; width=&#8221;1\/1&#8243; tablet_width_inherit=&#8221;default&#8221; column_border_width=&#8221;none&#8221; column_border_style=&#8221;solid&#8221; bg_image_animation=&#8221;none&#8221; offset=&#8221;vc_col-lg-offset-0 vc_col-md-offset-0 vc_hidden-sm vc_hidden-xs&#8221;][split_line_heading animation_type=&#8221;line-reveal-by-space&#8221; font_style=&#8221;h1&#8243; text_content=&#8221;46th FANTASPORTO &#8211; Porto International Film Festival | Rules and Regulations&#8221;][\/split_line_heading][\/vc_column_inner][\/vc_row_inner][vc_row_inner column_margin=&#8221;default&#8221; column_direction=&#8221;default&#8221; column_direction_tablet=&#8221;default&#8221; column_direction_phone=&#8221;default&#8221; text_align=&#8221;left&#8221;][vc_column_inner column_padding=&#8221;no-extra-padding&#8221; column_padding_tablet=&#8221;inherit&#8221; column_padding_phone=&#8221;inherit&#8221; column_padding_position=&#8221;all&#8221; background_color_opacity=&#8221;1&#8243; background_hover_color_opacity=&#8221;1&#8243; column_shadow=&#8221;none&#8221; column_border_radius=&#8221;none&#8221; column_link_target=&#8221;_self&#8221; gradient_direction=&#8221;left_to_right&#8221; overlay_strength=&#8221;0.3&#8243; width=&#8221;1\/1&#8243; tablet_width_inherit=&#8221;default&#8221; column_border_width=&#8221;none&#8221; column_border_style=&#8221;solid&#8221; bg_image_animation=&#8221;none&#8221; offset=&#8221;vc_col-lg-offset-0 vc_col-md-offset-0 vc_hidden-sm vc_hidden-xs&#8221;][vc_column_text css=&#8221;.vc_custom_1768841512299{padding-right: 10% !important;}&#8221;]\n<div class=\"wp-block-group\">\n<p>1. A 46.\u00aa edi\u00e7\u00e3o do PORTO INTERNATIONAL FILM FESTIVAL &#8211; FANTASPORTO 2026 decorrer\u00e1 de 27 de fevereiro a 8 de mar\u00e7o de 2026 no BATALHA CENTRO DE CINEMA<br \/>\n2. O principal objetivo do Festival \u00e9 exibir e promover filmes de qualidade, tanto est\u00e9tica como tematicamente, e procurar novas formas e m\u00e9todos de realiza\u00e7\u00e3o cinematogr\u00e1fica.<\/p>\n<p>3. O Festival tem as seguintes sec\u00e7\u00f5es.<\/p>\n<p>3.1. Sec\u00e7\u00f5es competitivas apenas para filmes in\u00e9ditos em Portugal produzidos em 2025:<\/p>\n<p>3.1.1. Sec\u00e7\u00e3o Oficial &#8211; Longas-metragens de Fantasia &#8211; longas-metragens &#8211; fantasia como g\u00e9nero principal. Devem ter sido produzidos em 2025.<br \/>\n3.1.2. Sec\u00e7\u00e3o Oficial &#8211; Curtas-Metragens Fant\u00e1sticas \u2013 curtas-metragens \u2013 apenas g\u00e9nero fant\u00e1stico. As curtas-metragens devem ter uma dura\u00e7\u00e3o m\u00e1xima de 15 minutos e devem ter sido produzidas em 2025.<br \/>\n3.1.3. Sec\u00e7\u00e3o Oficial &#8211; Semana dos Realizadores (Pr\u00e9mio Manoel de Oliveira) \u2013 para longas-metragens de todos os g\u00e9neros, produzidas em 2025.<br \/>\n3.1.4. Sec\u00e7\u00e3o Oficial &#8211; Orient Express &#8211; para longas-metragens asi\u00e1ticas, produzidas em 2025<br \/>\n3.1.5. Sec\u00e7\u00e3o Oficial &#8211; Pr\u00e9mio de Cinema Portugu\u00eas &#8211; para estreias mundiais de filmes portugueses (de qualquer dura\u00e7\u00e3o) produzidos em 2025.<\/p>\n<p>3.2. Sec\u00e7\u00f5es N\u00e3o Competitivas:<\/p>\n<p>3.2.1. Sec\u00e7\u00e3o Oficial Fora de Competi\u00e7\u00e3o &#8211; Panorama &#038; Premi\u00e8re &#8211; para longas-metragens n\u00e3o estreadas em Portugal e que, por algum motivo, n\u00e3o ser\u00e3o selecionadas para competi\u00e7\u00e3o.<br \/>\n3.2.2. FantasClassics e FantasCult Films &#8211; Homenagem a obras-primas cl\u00e1ssicas ou mais recentes e filmes cult, geralmente remasterizados.<br \/>\n3.2.3. Sec\u00e7\u00e3o Retrospectiva<br \/>\n3.2.4. Homenagens<\/p>\n<p>4. O Festival tem como objetivos:<\/p>\n<p>4.1. Promover na cidade do Porto, Patrim\u00f3nio Mundial, um f\u00f3rum cultural com impacto internacional.<br \/>\n4.2. Dignificar o cinema portugu\u00eas e incentivar a produ\u00e7\u00e3o cinematogr\u00e1fica em Portugal.<br \/>\n4.3. Promover o Fantasporto e Portugal na ind\u00fastria cinematogr\u00e1fica mundial.<\/p>\n<p>5. FILMES &#8211; PROCEDIMENTOS PARA A CANDIDATURA\/SELE\u00c7\u00c3O DE UM FILME<\/p>\n<p>Para longas-metragens e curtas-metragens de fantasia: Deve ser enviado um screener online at\u00e9 30 de novembro de 2025, juntamente com um formul\u00e1rio de inscri\u00e7\u00e3o assinado, que pode ser encontrado no site www.fantasporto.com ou solicitado a info@fantasporto.com. As c\u00f3pias de avalia\u00e7\u00e3o e o formul\u00e1rio de inscri\u00e7\u00e3o s\u00e3o obrigat\u00f3rios e devem ser enviados para o e-mail info@fantasporto.com. Sem este procedimento, a inscri\u00e7\u00e3o n\u00e3o ser\u00e1 aceite para sele\u00e7\u00e3o. O festival n\u00e3o aceita nem paga taxas.<\/p>\n<p>6. SE O FILME FOR SELECIONADO, SER\u00c1 NECESS\u00c1RIO ENVIAR PARA O E-MAIL DO FESTIVAL info@fantasporto.com AT\u00c9 10 DE DEZEMBRO:<\/p>\n<p>A &#8211; PARA LEGENDAS ELETR\u00d3NICAS<br \/>\n6.1. Lista de di\u00e1logos do filme em ingl\u00eas.<br \/>\n6.2. Screener com link e senha v\u00e1lidos at\u00e9 9 de mar\u00e7o de 2026<\/p>\n<p>B &#8211; PARA A PROMO\u00c7\u00c3O DO FILME<br \/>\n6.3. Cinco (5) ou mais imagens (jpg 300 dpi\u00b4s) do filme. Uma delas deve ser o cartaz do filme em formato A5.<br \/>\n6.4. Um press-book e outros materiais promocionais a serem usados principalmente para fazer o cat\u00e1logo e para as redes sociais<br \/>\n6.5. O trailer do filme em formato mp4 ou similar para redes sociais e meios de comunica\u00e7\u00e3o em geral.<br \/>\n6.6. EPK do filme em formato mp4 ou similar para promo\u00e7\u00e3o televisiva (opcional).<\/p>\n<p>7. As c\u00f3pias online ser\u00e3o apagadas ap\u00f3s o final do festival. Se forem f\u00edsicas, ser\u00e3o destru\u00eddas ap\u00f3s o festival e n\u00e3o ser\u00e3o devolvidas.<\/p>\n<p>8. Todos os materiais devem ser enviados para o e-mail:<\/p>\n<p>info@fantasporto.com<\/p>\n<p>9. SE SELECIONADO E PARA EXIBI\u00c7\u00c3O NO FESTIVAL:<\/p>\n<p>Os produtores, diretores e agentes de vendas participantes podem apresentar os seus filmes nas seguintes condi\u00e7\u00f5es:<br \/>\n9.1. Suporte aceito: DCP aberto.<br \/>\nOs filmes que n\u00e3o forem falados em ingl\u00eas devem ter legendas em ingl\u00eas gravadas.<br \/>\nOs filmes devem ser enviados para DOWNLOAD atrav\u00e9s do e-mail info@fantasporto.com.<br \/>\n9.2. OS LINKS DOS SCREENERS PARA EXIBI\u00c7\u00c3O DEVEM SER ENVIADOS AO FESTIVAL at\u00e9 5 de janeiro de 2026.<\/p>\n<p>10. Os Organizadores s\u00e3o respons\u00e1veis pela sele\u00e7\u00e3o dos filmes submetidos \u00e0s Sec\u00e7\u00f5es Competitivas.<\/p>\n<p>11. Os Organizadores nomeiam J\u00faris Internacionais que decidir\u00e3o sobre os Pr\u00e9mios Oficiais de cada sec\u00e7\u00e3o do festival.<\/p>\n<p>12. Pr\u00e9mios a serem concedidos pelo J\u00fari da Competi\u00e7\u00e3o Oficial de Filmes de Fantasia:<br \/>\nO J\u00fari Internacional da Sec\u00e7\u00e3o Oficial de Filmes de Fantasia conceder\u00e1 os seguintes pr\u00e9mios:<br \/>\na) Pr\u00e9mio Fantasporto de Melhor Filme<br \/>\nb) Pr\u00e9mio Especial Fantasporto do J\u00fari<br \/>\nEste pr\u00e9mio ser\u00e1 concedido a um filme cujos aspetos art\u00edsticos e t\u00e9cnicos apresentem um alto n\u00edvel de originalidade.<br \/>\nc) Melhor Realiza\u00e7\u00e3o Fantasporto<br \/>\nd) Melhor Ator Fantasporto<br \/>\ne) Melhor Atriz Fantasporto<br \/>\nf) Melhor Argumento Fantasporto<br \/>\ng) Melhores Efeitos Especiais ou Melhor Fotografia Fantasporto<br \/>\nh) Pr\u00e9mio Fantasporto para Melhor Curta-Metragem Fant\u00e1stica<\/p>\n<p>13. J\u00fari da Competi\u00e7\u00e3o Oficial Semana de Realizadores \/ Pr\u00e9mio Manoel de Oliveira<br \/>\nO J\u00fari Internacional da Semana de Realizadores atribuir\u00e1 os seguintes pr\u00e9mios:<br \/>\na) Fantasporto Melhor Filme da Semana dos Realizadores<br \/>\nb) Fantasporto Pr\u00e9mio Especial da Semana dos Realizadores. Para um filme com um elevado n\u00edvel de originalidade.<br \/>\nc) Fantasporto Melhor Realizador da Semana dos Realizadores<br \/>\nd) Fantasporto Melhor Ator da Semana dos Realizadores<br \/>\ne) Fantasporto Melhor Atriz da Semana dos Realizadores<br \/>\nf) Fantasporto Melhor Argumento da Semana dos Realizadores<\/p>\n<p>14. J\u00fari da Competi\u00e7\u00e3o Oficial Orient Express<br \/>\nO J\u00fari Internacional da sec\u00e7\u00e3o oficial Orient Express atribuir\u00e1 os seguintes pr\u00e9mios:<br \/>\na) Pr\u00e9mio Fantasporto Orient Express para Melhor Filme<br \/>\nb) Pr\u00e9mio Especial do J\u00fari Fantasporto Orient Express. Para um filme com elevado n\u00edvel de originalidade.<\/p>\n<p>15. J\u00fari do Cinema Portugu\u00eas<br \/>\nEste j\u00fari atribuir\u00e1 os seguintes pr\u00e9mios:<br \/>\na) Pr\u00e9mio Fantasporto Cinema Portugu\u00eas &#8211; Melhor Filme<br \/>\nPara um filme portugu\u00eas em estreia mundial produzido em 2025 (curta ou longa-metragem).<br \/>\nb) Fantasporto Melhor Filme de uma Escola de Cinema Portuguesa.<\/p>\n<p>15.a) O Pr\u00e9mio Fantasporto do P\u00fablico e o Pr\u00e9mio da Cr\u00edtica tamb\u00e9m ser\u00e3o atribu\u00eddos a filmes, longas ou curtas-metragens, selecionados para qualquer uma das sec\u00e7\u00f5es competitivas.<\/p>\n<p>16. Os pr\u00e9mios do festival n\u00e3o t\u00eam valor monet\u00e1rio e consistem em trof\u00e9us ou diplomas. Ser\u00e3o entregues diplomas de participa\u00e7\u00e3o, se solicitados, aos filmes selecionados para as Sec\u00e7\u00f5es Oficiais. Os trof\u00e9us ser\u00e3o entregues apenas na presen\u00e7a de um representante do filme na noite de encerramento do festival (7 de mar\u00e7o).<\/p>\n<p>17. Os pr\u00e9mios f\u00edsicos n\u00e3o ser\u00e3o enviados aos vencedores ap\u00f3s o festival. Se solicitado, poder\u00e1 ser enviado um diploma.<\/p>\n<p>18. Os realizadores dos longas-metragens selecionados para competi\u00e7\u00e3o ser\u00e3o convidados. O festival providenciar\u00e1 3 noites de hotel com pequeno-almo\u00e7o buffet.<br \/>\nOs realizadores dos curtas-metragens tamb\u00e9m ser\u00e3o convidados a participar no festival. O festival providenciar\u00e1 um passe gratuito.<\/p>\n<p>19. Os crit\u00e9rios do programa final pertencem exclusivamente aos organizadores.<\/p>\n<p>20. O Comit\u00e9 Organizador \u00e9 a \u00fanica entidade com poderes para decidir sobre todas as quest\u00f5es n\u00e3o previstas neste regulamento.<\/p>\n<p>Contactos oficiais:<\/p>\n<p>FANTASPORTO<br \/>\nRua An\u00edbal Cunha, 121<br \/>\n4050 &#8211; 048 Porto<br \/>\nPortugal<\/p>\n<p>E-mail: info@fantasporto.com<\/p>\n<p>Site: www.fantasporto.com<br \/>\nFacebook: @fantasporto<br \/>\nInstagram: @fantasportofest<br \/>\nYouTube: @fantasporto<\/p>\n<\/div>\n[\/vc_column_text][nectar_cta btn_style=&#8221;arrow-animation&#8221; heading_tag=&#8221;h5&#8243; text_color=&#8221;#0a0000&#8243; button_color=&#8221;default&#8221; link_type=&#8221;regular&#8221; alignment=&#8221;left&#8221; display=&#8221;block&#8221; link_text=&#8221;Learn More&#8221; url=&#8221;#&#8221; margin_top=&#8221;20&#8243;][\/vc_column_inner][\/vc_row_inner][\/vc_column][\/vc_row]\n","protected":false},"excerpt":{"rendered":"<p>[vc_row type=&#8221;full_width_background&#8221; full_screen_row_position=&#8221;middle&#8221; column_margin=&#8221;none&#8221; equal_height=&#8221;yes&#8221; content_placement=&#8221;middle&#8221; column_direction=&#8221;default&#8221; column_direction_tablet=&#8221;default&#8221; column_direction_phone=&#8221;default&#8221; scene_position=&#8221;center&#8221; top_padding=&#8221;6%&#8221; bottom_padding=&#8221;6%&#8221; text_color=&#8221;dark&#8221; text_align=&#8221;left&#8221; row_border_radius=&#8221;none&#8221; row_border_radius_applies=&#8221;bg&#8221; overlay_strength=&#8221;0.3&#8243; gradient_direction=&#8221;left_to_right&#8221; shape_divider_position=&#8221;bottom&#8221; bg_image_animation=&#8221;none&#8221; shape_type=&#8221;&#8221;][vc_column column_padding=&#8221;no-extra-padding&#8221; column_padding_tablet=&#8221;inherit&#8221; column_padding_phone=&#8221;inherit&#8221; column_padding_position=&#8221;all&#8221; background_color_opacity=&#8221;1&#8243; background_hover_color_opacity=&#8221;1&#8243; column_shadow=&#8221;none&#8221; column_border_radius=&#8221;none&#8221; column_link_target=&#8221;_self&#8221;&#8230;<\/p>\n","protected":false},"author":1,"featured_media":0,"parent":0,"menu_order":0,"comment_status":"closed","ping_status":"closed","template":"","meta":{"om_disable_all_campaigns":false,"_monsterinsights_skip_tracking":false,"_monsterinsights_sitenote_active":false,"_monsterinsights_sitenote_note":"","_monsterinsights_sitenote_category":0,"footnotes":""},"class_list":["post-14641","page","type-page","status-publish"],"aioseo_notices":[],"_links":{"self":[{"href":"https:\/\/fantasporto.com\/en\/wp-json\/wp\/v2\/pages\/14641","targetHints":{"allow":["GET"]}}],"collection":[{"href":"https:\/\/fantasporto.com\/en\/wp-json\/wp\/v2\/pages"}],"about":[{"href":"https:\/\/fantasporto.com\/en\/wp-json\/wp\/v2\/types\/page"}],"author":[{"embeddable":true,"href":"https:\/\/fantasporto.com\/en\/wp-json\/wp\/v2\/users\/1"}],"replies":[{"embeddable":true,"href":"https:\/\/fantasporto.com\/en\/wp-json\/wp\/v2\/comments?post=14641"}],"version-history":[{"count":15,"href":"https:\/\/fantasporto.com\/en\/wp-json\/wp\/v2\/pages\/14641\/revisions"}],"predecessor-version":[{"id":14681,"href":"https:\/\/fantasporto.com\/en\/wp-json\/wp\/v2\/pages\/14641\/revisions\/14681"}],"wp:attachment":[{"href":"https:\/\/fantasporto.com\/en\/wp-json\/wp\/v2\/media?parent=14641"}],"curies":[{"name":"wp","href":"https:\/\/api.w.org\/{rel}","templated":true}]}}